{"id":706,"date":"2016-06-18T14:22:47","date_gmt":"2016-06-18T14:22:47","guid":{"rendered":"http:\/\/puertoricotranslation.com\/?page_id=706&#038;lang=es"},"modified":"2017-08-25T17:38:26","modified_gmt":"2017-08-25T17:38:26","slug":"serviciosdetraduccion","status":"publish","type":"page","link":"https:\/\/puertoricotranslation.com\/es\/serviciosdetraduccion\/","title":{"rendered":"TRADUCCION DE DOCUMENTOS"},"content":{"rendered":"<p style=\"text-align: justify;\"><span style=\"color: #000000;\"><a href=\"http:\/\/puertoricotranslation.com\/wp-content\/uploads\/2014\/02\/language-translation-puerto-rico.jpg\"><span style=\"color: #000000;\"><img loading=\"lazy\" decoding=\"async\" class=\"alignleft size-medium wp-image-659\" src=\"http:\/\/puertoricotranslation.com\/wp-content\/uploads\/2014\/02\/language-translation-puerto-rico-300x199.jpg\" alt=\"Translation Services in Puerto Rico\" width=\"300\" height=\"199\" srcset=\"https:\/\/puertoricotranslation.com\/wp-content\/uploads\/2014\/02\/language-translation-puerto-rico-300x199.jpg 300w, https:\/\/puertoricotranslation.com\/wp-content\/uploads\/2014\/02\/language-translation-puerto-rico.jpg 600w\" sizes=\"auto, (max-width: 300px) 100vw, 300px\" \/><\/span><\/a>Muchas gracias por visitarnos. <\/span><\/p>\n<p style=\"text-align: justify;\"><span style=\"color: #000000;\">Nuestros servicios\u00a0de traducci\u00f3n de documentos cubren diversas necesidades que usted pueda tener con la traducci\u00f3n profesional de cualquier tipo de documento. Traducimos documentos legales, manuales corporativos, materiales promocionales y de campa\u00f1as publicitarias, transcripciones y certificaciones, al igual que traducciones de lenguas extranjeras e incluso servicios de traducci\u00f3n m\u00e9dica.\u00a0<\/span><\/p>\n<p style=\"text-align: justify;\"><span style=\"color: #000000;\">Le podemos apoyar\u00a0con sus necesidades de servicios de traducci\u00f3n profesional de documentos. Incluso podemos asistirle con sus documentos multiling\u00fces y traduc\u00edrselos r\u00e1pidamente y con precisi\u00f3n. <\/span><\/p>\n<p style=\"text-align: justify;\"><span style=\"color: #000000;\">Contamos con oficinas en San Juan e Isabela pero brindamos servicios en toda la isla.<\/span><\/p>\n<p style=\"text-align: justify;\"><span style=\"color: #000000;\">Podemos ayudarle a cerrar la brecha cultural cuando una simple traducci\u00f3n de palabras no es suficiente. La meta del traductor es transmitir el mensaje exacto, mientras toma en cuenta los coloquialismos y expresiones (y\/o idiomas no estandarizados) que un programa de computadoras o un traductor en l\u00ednea no sabr\u00eda hacer.<\/span><\/p>\n<p style=\"text-align: justify;\"><span style=\"color: #000000;\">Nuestra especialidade es el servicio de traducci\u00f3n al espa\u00f1ol y al ingl\u00e9s. Si necesita traducir sus documentos del ingl\u00e9s al espa\u00f1ol, del espa\u00f1ol al ingl\u00e9s, incluso a otros idiomas, comun\u00edquese con nosotros hoy. Perm\u00edtanos ayudarle.<\/span><\/p>\n<p style=\"text-align: justify;\"><span style=\"color: #000000;\">Contamos con un equipo de especialistas que han sido adiestrados en m\u00e1s de 20 idiomas y sobre 50 campos de especialidades. Nuestro equipo interno y red de ling\u00fcistas trabajan arduamente para cerciorarse que cada proyecto sea completado de acuerdo a nuestros m\u00e1s altos est\u00e1ndares y que usted se sienta satisfecho con la traducci\u00f3n que reciba.\u00a0<\/span><\/p>\n<h2 style=\"text-align: left;\">Servicios de traducci\u00f3n de documentos corporativos y organizacionales<\/h2>\n<p>Contamos con casi 15 a\u00f1os de experiencia traduciendo una gran variedad de documentos tales como:<\/p>\n<ul>\n<li>Resoluciones corporativas<\/li>\n<li>Manual de empleados<\/li>\n<li>Documentos confidenciales de Recursos Humanos, finanzas<\/li>\n<li>SOP&#8217;s<\/li>\n<li>Boletines internos y externos<\/li>\n<li>Informes anuales<\/li>\n<li>Declaraciones de Impacto Ambiental<\/li>\n<li>Vistas de agencias estatales y federales<\/li>\n<li>Comunicados de prensa, entre muchos otros.<\/li>\n<\/ul>\n<h2 style=\"text-align: justify;\"><span style=\"color: #000000;\">Servicios de traducci\u00f3n de documentos legales y oficiales<b style=\"line-height: normal; font-size: 14px;\"><\/b><\/span><\/h2>\n<p class=\"MsoNormal\" style=\"margin-bottom: 19.5pt; line-height: normal; text-align: justify;\"><span lang=\"ES-TRAD\" style=\"font-size: 12pt; font-family: Lato; color: #000000;\">Es muy importante que los documentos legales sean traducidos debidamente y exactamente o puede resultar en graves consecuencias legales y financieras. Por esto es esencial que trabaje con un proveedor de servicio profesional que le ayude a traducirlos. <\/span><\/p>\n<p class=\"MsoNormal\" style=\"margin-bottom: 19.5pt; line-height: normal; text-align: justify;\"><span lang=\"ES-TRAD\" style=\"font-size: 12pt; font-family: Lato; color: #000000;\">Todo documento que nos conf\u00eda ser\u00e1 traducido con exactitud por un equipo experto y capacitado. Utilizamos los mejores programas a nivel mundial y mantenemos compatibilidad con los programas que usted ya utiliza.\u00a0<\/span><\/p>\n<h2 style=\"text-align: justify;\"><span style=\"color: #000000;\">Servicios de traducci\u00f3n de documentos m\u00e9dicos<\/span><\/h2>\n<p class=\"MsoNormal\" style=\"margin-bottom: 19.5pt; line-height: normal; text-align: justify;\"><span lang=\"ES-TRAD\" style=\"font-size: 12pt; font-family: Lato; color: #000000;\">Los servicios de traducci\u00f3n m\u00e9dica son muy delicados. Los documentos m\u00e9dicos deben ser traducidos de manera apropiada para evitar graves repercusiones. Tambi\u00e9n quiere estar seguro que su confidencialidad sea protegida. <\/span><\/p>\n<p><span lang=\"ES-TRAD\" style=\"font-size: 12pt; font-family: Lato; color: #000000;\">Nos\u00a0adherimos a pol\u00edticas estrictas de privacidad. Nunca divulgaremos su informaci\u00f3n personal e incluso podemos entrar en un acuerdo confidencial de no divulgaci\u00f3n, si as\u00ed lo requiere su negocio u organizaci\u00f3n.<\/span><\/p>\n<p><span style=\"color: #000000;\"><span style=\"font-family: Lato; font-size: 12pt; line-height: normal;\">\u00a1Cont\u00e1ctenos al 787-239-0462 o via email a info@lighthouseonline.com para una cotizaci\u00f3n o cualquier pregunta!<\/span>\u00a0<\/span><\/p>\n","protected":false},"excerpt":{"rendered":"<p>Muchas gracias por visitarnos. Nuestros servicios\u00a0de traducci\u00f3n de documentos cubren diversas necesidades que usted pueda tener con la traducci\u00f3n profesional de cualquier tipo de documento. Traducimos documentos legales, manuales corporativos, materiales promocionales y de campa\u00f1as publicitarias, transcripciones y certificaciones, al igual que traducciones de lenguas extranjeras e incluso servicios de traducci\u00f3n m\u00e9dica.\u00a0 Le podemos apoyar\u00a0con [&hellip;]<\/p>\n","protected":false},"author":3,"featured_media":659,"parent":0,"menu_order":0,"comment_status":"open","ping_status":"open","template":"","meta":{"footnotes":"","_links_to":"","_links_to_target":""},"class_list":{"0":"post-706","1":"page","2":"type-page","3":"status-publish","4":"has-post-thumbnail","6":"entry"},"_links":{"self":[{"href":"https:\/\/puertoricotranslation.com\/es\/wp-json\/wp\/v2\/pages\/706","targetHints":{"allow":["GET"]}}],"collection":[{"href":"https:\/\/puertoricotranslation.com\/es\/wp-json\/wp\/v2\/pages"}],"about":[{"href":"https:\/\/puertoricotranslation.com\/es\/wp-json\/wp\/v2\/types\/page"}],"author":[{"embeddable":true,"href":"https:\/\/puertoricotranslation.com\/es\/wp-json\/wp\/v2\/users\/3"}],"replies":[{"embeddable":true,"href":"https:\/\/puertoricotranslation.com\/es\/wp-json\/wp\/v2\/comments?post=706"}],"version-history":[{"count":17,"href":"https:\/\/puertoricotranslation.com\/es\/wp-json\/wp\/v2\/pages\/706\/revisions"}],"predecessor-version":[{"id":780,"href":"https:\/\/puertoricotranslation.com\/es\/wp-json\/wp\/v2\/pages\/706\/revisions\/780"}],"wp:featuredmedia":[{"embeddable":true,"href":"https:\/\/puertoricotranslation.com\/es\/wp-json\/wp\/v2\/media\/659"}],"wp:attachment":[{"href":"https:\/\/puertoricotranslation.com\/es\/wp-json\/wp\/v2\/media?parent=706"}],"curies":[{"name":"wp","href":"https:\/\/api.w.org\/{rel}","templated":true}]}}