{"id":704,"date":"2016-06-18T14:14:37","date_gmt":"2016-06-18T14:14:37","guid":{"rendered":"http:\/\/puertoricotranslation.com\/?page_id=704&#038;lang=es"},"modified":"2016-06-18T15:47:00","modified_gmt":"2016-06-18T15:47:00","slug":"traducciones-en-san-juan","status":"publish","type":"page","link":"https:\/\/puertoricotranslation.com\/es\/traducciones-en-san-juan\/","title":{"rendered":"TRADUCCIONES EN SAN JUAN"},"content":{"rendered":"<p style=\"text-align: justify;\"><a href=\"http:\/\/puertoricotranslation.com\/wp-content\/uploads\/2014\/02\/san-juan-puerto-rico-translations.jpg\"><img loading=\"lazy\" decoding=\"async\" class=\"alignleft size-medium wp-image-663\" alt=\"San Juan Puerto Rico Translations\" src=\"http:\/\/puertoricotranslation.com\/wp-content\/uploads\/2014\/02\/san-juan-puerto-rico-translations-300x200.jpg\" width=\"300\" height=\"200\" srcset=\"https:\/\/puertoricotranslation.com\/wp-content\/uploads\/2014\/02\/san-juan-puerto-rico-translations-300x200.jpg 300w, https:\/\/puertoricotranslation.com\/wp-content\/uploads\/2014\/02\/san-juan-puerto-rico-translations.jpg 600w\" sizes=\"auto, (max-width: 300px) 100vw, 300px\" \/><\/a>Con m\u00e1s de una d\u00e9cada de experiencia, nuestra compa\u00f1\u00eda le ha estado proveyendo a San Juan, Puerto Rico los mejores servicios de interpretaci\u00f3n y traducci\u00f3n profesional a precios razonables. Nos enorgullecemos en ser una de las primeras empresas en elevar los est\u00e1ndares de calidad al contratar solamente traductores expertos nativos con la educaci\u00f3n m\u00e1s alta.<\/p>\n<p style=\"text-align: justify;\">Nuestros traductores expertos de San Juan, Puerto Rico poseen las siguientes calificaciones:<\/p>\n<ul style=\"text-align: justify;\">\n<li>un grado avanzado de las mejores universidades de Puerto Rico, Estados Unidos o del extranjero<\/li>\n<li>fluidez nativa en los idiomas de objetivo y fuente<\/li>\n<li>conocimiento experto y experiencia previa en los temas de la traducci\u00f3n<\/li>\n<\/ul>\n<p style=\"text-align: justify;\">Nuestro proceso de traducci\u00f3n incluye un control de calidad bien detallado que le asegura a nuestros clientes que solo proveemos traducciones sin errores. Nuestro proceso de traducci\u00f3n tiene la siguiente estructura:<\/p>\n<ul style=\"text-align: justify;\">\n<li>an\u00e1lisis del proyecto<\/li>\n<li>planificaci\u00f3n del proyecto<\/li>\n<li>manejo del proyecto<\/li>\n<li>garant\u00eda de calidad<\/li>\n<li>revisi\u00f3n del cliente<\/li>\n<li>edici\u00f3n<\/li>\n<li>aprobaci\u00f3n final<\/li>\n<li>entrega<\/li>\n<\/ul>\n<p style=\"text-align: justify;\">Si est\u00e1 buscando una compa\u00f1\u00eda de traducci\u00f3n experta en San Juan, Puerto Rico, ll\u00e1menos al 787-239-0462 y deje que uno de nuestros traductores especialistas le provea una cotizaci\u00f3n libre de costos.<\/p>\n","protected":false},"excerpt":{"rendered":"<p>Con m\u00e1s de una d\u00e9cada de experiencia, nuestra compa\u00f1\u00eda le ha estado proveyendo a San Juan, Puerto Rico los mejores servicios de interpretaci\u00f3n y traducci\u00f3n profesional a precios razonables. Nos enorgullecemos en ser una de las primeras empresas en elevar los est\u00e1ndares de calidad al contratar solamente traductores expertos nativos con la educaci\u00f3n m\u00e1s alta. [&hellip;]<\/p>\n","protected":false},"author":3,"featured_media":663,"parent":0,"menu_order":0,"comment_status":"open","ping_status":"open","template":"","meta":{"footnotes":"","_links_to":"","_links_to_target":""},"class_list":{"0":"post-704","1":"page","2":"type-page","3":"status-publish","4":"has-post-thumbnail","6":"entry"},"_links":{"self":[{"href":"https:\/\/puertoricotranslation.com\/es\/wp-json\/wp\/v2\/pages\/704","targetHints":{"allow":["GET"]}}],"collection":[{"href":"https:\/\/puertoricotranslation.com\/es\/wp-json\/wp\/v2\/pages"}],"about":[{"href":"https:\/\/puertoricotranslation.com\/es\/wp-json\/wp\/v2\/types\/page"}],"author":[{"embeddable":true,"href":"https:\/\/puertoricotranslation.com\/es\/wp-json\/wp\/v2\/users\/3"}],"replies":[{"embeddable":true,"href":"https:\/\/puertoricotranslation.com\/es\/wp-json\/wp\/v2\/comments?post=704"}],"version-history":[{"count":2,"href":"https:\/\/puertoricotranslation.com\/es\/wp-json\/wp\/v2\/pages\/704\/revisions"}],"predecessor-version":[{"id":724,"href":"https:\/\/puertoricotranslation.com\/es\/wp-json\/wp\/v2\/pages\/704\/revisions\/724"}],"wp:featuredmedia":[{"embeddable":true,"href":"https:\/\/puertoricotranslation.com\/es\/wp-json\/wp\/v2\/media\/663"}],"wp:attachment":[{"href":"https:\/\/puertoricotranslation.com\/es\/wp-json\/wp\/v2\/media?parent=704"}],"curies":[{"name":"wp","href":"https:\/\/api.w.org\/{rel}","templated":true}]}}