{"id":701,"date":"2016-06-18T14:06:06","date_gmt":"2016-06-18T14:06:06","guid":{"rendered":"http:\/\/puertoricotranslation.com\/?page_id=701&#038;lang=es"},"modified":"2017-08-25T17:39:49","modified_gmt":"2017-08-25T17:39:49","slug":"servicios-de-interpretacion","status":"publish","type":"page","link":"https:\/\/puertoricotranslation.com\/es\/servicios-de-interpretacion\/","title":{"rendered":"INTERPRETACI\u00d3N SIMULT\u00c1NEA Y CONSECUTIVA"},"content":{"rendered":"<p style=\"text-align: justify;\"><a href=\"http:\/\/puertoricotranslation.com\/wp-content\/uploads\/2014\/02\/simultaneous-interpretation-puerto-rico.jpg\"><img loading=\"lazy\" decoding=\"async\" class=\"alignleft size-medium wp-image-656\" src=\"http:\/\/puertoricotranslation.com\/wp-content\/uploads\/2014\/02\/simultaneous-interpretation-puerto-rico-300x200.jpg\" alt=\"Simultaneous Interpretation in Puerto Rico\" width=\"300\" height=\"200\" srcset=\"https:\/\/puertoricotranslation.com\/wp-content\/uploads\/2014\/02\/simultaneous-interpretation-puerto-rico-300x200.jpg 300w, https:\/\/puertoricotranslation.com\/wp-content\/uploads\/2014\/02\/simultaneous-interpretation-puerto-rico.jpg 600w\" sizes=\"auto, (max-width: 300px) 100vw, 300px\" \/><\/a>Puerto Rico Translation Services ofrece servicios de interpretaci\u00f3n simult\u00e1nea y consecutiva en los cuales usted puede confiar ser\u00e1n precisos en todo momento. Se requiere un profesional con experiencia para asegurar que todos los mensajes sean interpretados correctamente y no haya margen para errores. Los int\u00e9rpretes deben pensar y responder r\u00e1pidamente. Por lo tanto, es necesario dominar ambos lenguajes para poder escoger las palabras que mantengan el verdadero sentido del mensaje, en vez de simplemente traducir las palabras.<\/p>\n<p style=\"text-align: justify;\">Esto es lo que nos diferencia de la competencia. Tenemos diferentes int\u00e9rpretes adiestrados en una gran variedad de idiomas, de esta manera los profesionales escogidos para su proyecto tendr\u00e1n un amplio conocimiento de ambos idiomas utilizados. Asimismo, tendr\u00e1n la experiencia necesaria para interpretar su mensaje, mientras transmiten el sentido original de cada palabra o frase en un instante, sin vacilar.<\/p>\n<h2 style=\"text-align: justify;\"><b>Servicios de Interpretaci\u00f3n Simult\u00e1nea y Consecutiva\u00a0<\/b><\/h2>\n<p style=\"text-align: justify;\">En Puerto Rico Translation Services, proporcionamos servicios de interpretaci\u00f3n simult\u00e1nea y consecutiva para conferencias y reuniones de negocios. Tambi\u00e9n proveemos escoltas privadas e interpretaciones telef\u00f3nicas. Independientemente de la asistencia que escoja, siempre recibir\u00e1 asistencia experta y amigable. Para asegurarnos que reciba el mejor servicio posible, nos adaptamos para satisfacer cada uno de sus requisitos.<\/p>\n<p style=\"text-align: justify;\">Nuestros int\u00e9rpretes profesionales recopilar\u00e1n todos los detalles, se reunir\u00e1n con su director de proyecto para tener todo listo y organizado para sus reuniones. Adem\u00e1s, tenemos los recursos necesarios para hacer cambios en el \u00faltimo momento si ocurre algo inesperado.<\/p>\n<h3 style=\"text-align: justify;\"><b>Proveemos Alquiler de Equipos de Interpretaci\u00f3n\u00a0<\/b><\/h3>\n<p style=\"text-align: justify;\">Proveemos equipo de interpretaci\u00f3n de calidad, como transmisores y receptores digitales infrarrojo y de FM. Igualmente le facilitamos cabinas fijas o port\u00e1tiles, micr\u00f3fonos, aud\u00edfonos y paneles de control. Y hacemos inspecci\u00f3n in situ para confirmar que todas sus necesidades est\u00e9n cubiertas.<\/p>\n<p style=\"text-align: justify;\">Antes de la conferencia, inspeccionamos su localizaci\u00f3n para determinar qu\u00e9 clase de equipo ser\u00e1 necesario, d\u00f3nde se estar\u00e1 instalando y verificaremos los requerimientos de potencia. Tendremos todo establecido y listo para su conferencia, de esta manera usted no se tendr\u00e1 que preocupar por nada. Luego del evento, nos encargaremos de toda la limpieza.<\/p>\n<p style=\"text-align: justify;\">En Puerto Rico Translation Services, escogemos los mejores int\u00e9rpretes para sus necesidades, de acuerdo al tipo de servicio que requiere. Cada int\u00e9rprete tendr\u00e1 un profundo conocimiento del tema que ser\u00e1 discutido y amplio conocimiento de ambos lenguajes utilizados. Puede estar seguro que todas sus expectativas de interpretaci\u00f3n ser\u00e1n cumplidas cuando utilice Puerto Rico Translation Services para su pr\u00f3ximo proyecto.<\/p>\n","protected":false},"excerpt":{"rendered":"<p>Puerto Rico Translation Services ofrece servicios de interpretaci\u00f3n simult\u00e1nea y consecutiva en los cuales usted puede confiar ser\u00e1n precisos en todo momento. Se requiere un profesional con experiencia para asegurar que todos los mensajes sean interpretados correctamente y no haya margen para errores. Los int\u00e9rpretes deben pensar y responder r\u00e1pidamente. Por lo tanto, es necesario [&hellip;]<\/p>\n","protected":false},"author":3,"featured_media":656,"parent":0,"menu_order":0,"comment_status":"open","ping_status":"open","template":"","meta":{"footnotes":"","_links_to":"","_links_to_target":""},"class_list":{"0":"post-701","1":"page","2":"type-page","3":"status-publish","4":"has-post-thumbnail","6":"entry"},"_links":{"self":[{"href":"https:\/\/puertoricotranslation.com\/es\/wp-json\/wp\/v2\/pages\/701","targetHints":{"allow":["GET"]}}],"collection":[{"href":"https:\/\/puertoricotranslation.com\/es\/wp-json\/wp\/v2\/pages"}],"about":[{"href":"https:\/\/puertoricotranslation.com\/es\/wp-json\/wp\/v2\/types\/page"}],"author":[{"embeddable":true,"href":"https:\/\/puertoricotranslation.com\/es\/wp-json\/wp\/v2\/users\/3"}],"replies":[{"embeddable":true,"href":"https:\/\/puertoricotranslation.com\/es\/wp-json\/wp\/v2\/comments?post=701"}],"version-history":[{"count":5,"href":"https:\/\/puertoricotranslation.com\/es\/wp-json\/wp\/v2\/pages\/701\/revisions"}],"predecessor-version":[{"id":782,"href":"https:\/\/puertoricotranslation.com\/es\/wp-json\/wp\/v2\/pages\/701\/revisions\/782"}],"wp:featuredmedia":[{"embeddable":true,"href":"https:\/\/puertoricotranslation.com\/es\/wp-json\/wp\/v2\/media\/656"}],"wp:attachment":[{"href":"https:\/\/puertoricotranslation.com\/es\/wp-json\/wp\/v2\/media?parent=701"}],"curies":[{"name":"wp","href":"https:\/\/api.w.org\/{rel}","templated":true}]}}