{"id":694,"date":"2016-06-18T13:56:53","date_gmt":"2016-06-18T13:56:53","guid":{"rendered":"http:\/\/puertoricotranslation.com\/?page_id=694&#038;lang=es"},"modified":"2017-08-25T17:32:24","modified_gmt":"2017-08-25T17:32:24","slug":"alquilerdeequiposdeinterpretacion","status":"publish","type":"page","link":"https:\/\/puertoricotranslation.com\/es\/alquilerdeequiposdeinterpretacion\/","title":{"rendered":"ALQUILER DE EQUIPOS DE INTERPRETACION"},"content":{"rendered":"<p class=\"MsoNormal\" style=\"margin-bottom: 19.5pt; line-height: normal;\"><img loading=\"lazy\" decoding=\"async\" class=\"alignleft size-medium wp-image-661\" style=\"line-height: 1.5em;\" src=\"http:\/\/puertoricotranslation.com\/wp-content\/uploads\/2014\/02\/simultaneous-interpretation-equipment-rental-puerto-rico-300x200.jpg\" alt=\"Interpretation Equipment Rental Puerto Rico\" width=\"300\" height=\"200\" srcset=\"https:\/\/puertoricotranslation.com\/wp-content\/uploads\/2014\/02\/simultaneous-interpretation-equipment-rental-puerto-rico-300x200.jpg 300w, https:\/\/puertoricotranslation.com\/wp-content\/uploads\/2014\/02\/simultaneous-interpretation-equipment-rental-puerto-rico.jpg 600w\" sizes=\"auto, (max-width: 300px) 100vw, 300px\" \/><span style=\"color: #000000;\"><span lang=\"ES-TRAD\" style=\"font-size: 12pt; font-family: Lato;\">C<\/span><span lang=\"ES-TRAD\" style=\"font-size: 12pt; font-family: Lato;\">uando se trata de servicios<\/span><\/span><span style=\"color: #000000;\"><span lang=\"ES-TRAD\" style=\"font-size: 12pt; font-family: Lato;\">\u00a0de interpretaci\u00f3n, el tener un equipo de alta calidad hace toda la diferencia. El int\u00e9rprete debe escuchar lo que se est\u00e1 diciendo, sin distracciones, para as\u00ed poder interpretar correctamente.\u00a0Si el equipo tiene alg\u00fan tipo de interferencia o no transmite adecuadamente, obstaculizar\u00e1 sus esfuerzos e interferir\u00e1 con la comunicaci\u00f3n.<\/span><\/span><\/p>\n<p class=\"MsoNormal\" style=\"margin-bottom: 19.5pt; line-height: normal;\"><span style=\"color: #000000;\"><span lang=\"ES-TRAD\" style=\"font-size: 12pt; font-family: Lato;\"><span style=\"font-size: 12pt;\">Brindamos alquiler de equipo de interpretaci\u00f3n de alta calidad para todos nuestros clientes. Para nosotros es importante mantenernos a la vanguardia con las \u00faltimas opciones disponibles para proporcionarle lo mejor a nuestros clientes.\u00a0 Esto es necesario para asegurarnos que todo vaya bien durante su conferencia, que a su vez lo hace lucir profesional en todo momento.<\/span><\/span><\/span><\/p>\n<p class=\"MsoNormal\" style=\"margin-bottom: 19.5pt; line-height: normal;\"><span lang=\"ES-TRAD\" style=\"font-size: 12pt; font-family: Lato; color: #000000;\">Nuestros equipos de interpretaci\u00f3n incluyen lo siguiente:<\/span><\/p>\n<ul>\n<li>\n<p class=\"MsoNormal\" style=\"mso-margin-top-alt: auto; mso-margin-bottom-alt: auto; margin-left: 12.0pt; line-height: normal;\"><span lang=\"ES-TRAD\" style=\"font-size: 12pt; font-family: Lato; color: #000000;\">Receptores digitales infrarrojo y de FM<\/span><\/p>\n<\/li>\n<li>\n<p class=\"MsoNormal\" style=\"mso-margin-top-alt: auto; mso-margin-bottom-alt: auto; margin-left: 12.0pt; line-height: normal;\"><span lang=\"ES-TRAD\" style=\"font-size: 12pt; font-family: Lato; color: #000000;\">Micr\u00f3fonos<\/span><\/p>\n<\/li>\n<li>\n<p class=\"MsoNormal\" style=\"mso-margin-top-alt: auto; mso-margin-bottom-alt: auto; margin-left: 12.0pt; line-height: normal;\"><span lang=\"ES-TRAD\" style=\"font-size: 12pt; font-family: Lato; color: #000000;\">Auriculares<\/span><\/p>\n<\/li>\n<li>\n<p class=\"MsoNormal\" style=\"mso-margin-top-alt: auto; mso-margin-bottom-alt: auto; margin-left: 12.0pt; line-height: normal;\"><span lang=\"ES-TRAD\" style=\"font-size: 12pt; font-family: Lato; color: #000000;\">Aud\u00edfonos<\/span><\/p>\n<\/li>\n<li>\n<p class=\"MsoNormal\" style=\"mso-margin-top-alt: auto; mso-margin-bottom-alt: auto; margin-left: 12.0pt; line-height: normal;\"><span lang=\"ES-TRAD\" style=\"font-size: 12pt; font-family: Lato; color: #000000;\">Amplificadores<\/span><\/p>\n<\/li>\n<li>\n<p class=\"MsoNormal\" style=\"mso-margin-top-alt: auto; mso-margin-bottom-alt: auto; margin-left: 12.0pt; line-height: normal;\"><span lang=\"ES-TRAD\" style=\"font-size: 12pt; font-family: Lato; color: #000000;\">Cabinas insonorizadas<\/span><\/p>\n<\/li>\n<li>\n<p class=\"MsoNormal\" style=\"mso-margin-top-alt: auto; mso-margin-bottom-alt: auto; margin-left: 12.0pt; line-height: normal;\"><span lang=\"ES-TRAD\" style=\"font-size: 12pt; font-family: Lato; color: #000000;\">Sistema de refuerzo de sonido<\/span><\/p>\n<\/li>\n<li>\n<p class=\"MsoNormal\" style=\"mso-margin-top-alt: auto; mso-margin-bottom-alt: auto; margin-left: 12.0pt; line-height: normal;\"><span lang=\"ES-TRAD\" style=\"font-size: 12pt; font-family: Lato; color: #000000;\">Paneles de control<\/span><\/p>\n<\/li>\n<li>\n<p class=\"MsoNormal\" style=\"mso-margin-top-alt: auto; mso-margin-bottom-alt: auto; margin-left: 12.0pt; line-height: normal;\"><span lang=\"ES-TRAD\" style=\"font-size: 12pt; font-family: Lato; color: #000000;\">Equipo portable<\/span><\/p>\n<\/li>\n<\/ul>\n<p><span style=\"color: #000000;\">Nuestras cabinas insonorizadas son amplias, c\u00f3modas y proveen iluminaci\u00f3n y ventilaci\u00f3n necesaria para aumentar el rendimiento. Exceden los est\u00e1ndares ISO 4043 y cada una incluye una consola, controles individuales, l\u00e1mparas de lectura, micr\u00f3fono y auricular.<\/span><\/p>\n<p><span style=\"color: #000000;\">Adem\u00e1s de nuestro servicio de alquiler de equipo, le ofrecemos a nuestros clientes el apoyo t\u00e9cnico necesario para configurar y operar el equipo durante su reuni\u00f3n. Nos aseguramos que todo est\u00e9 funcionando adecuadamente para que usted no se tenga que preocupar.\u00a0<\/span><\/p>\n<h2><span style=\"color: #000000;\"><b>\u00bf<\/b>No sabe que equipo necesita?<\/span><\/h2>\n<p><span style=\"color: #000000;\">\u00a1No se preocupe! Le facilitamos a todos nuestros clientes un director de proyecto que estar\u00e1 ah\u00ed para garantizarle una experiencia agradable. El director de proyecto se sentar\u00e1 con usted, discutir\u00e1 sus necesidades y luego le presentar\u00e1 las diferentes opciones disponibles. Le explicar\u00e1 c\u00f3mo funciona el equipo y lo que se necesita para su buen funcionamiento. De esta manera usted podr\u00e1 determinar qu\u00e9 clase de equipo es el m\u00e1s adecuado para usted.<\/span><\/p>\n<p><span style=\"color: #000000;\">Una vez escoja el equipo, el director de proyecto tambi\u00e9n le asignar\u00e1 los int\u00e9rpretes y t\u00e9cnicos necesarios para realizar el trabajo de manera profesional y eficiente. Esto le permite el tiempo para que se ocupe de otros negocios importantes. Cuando tiene el equipo de interpretaci\u00f3n adecuado, tendr\u00e1 \u00e9xito en todos sus proyectos nuevos. Y en Puerto Rico Translation Services tenemos lo que necesita.<\/span><\/p>\n","protected":false},"excerpt":{"rendered":"<p>Cuando se trata de servicios\u00a0de interpretaci\u00f3n, el tener un equipo de alta calidad hace toda la diferencia. El int\u00e9rprete debe escuchar lo que se est\u00e1 diciendo, sin distracciones, para as\u00ed poder interpretar correctamente.\u00a0Si el equipo tiene alg\u00fan tipo de interferencia o no transmite adecuadamente, obstaculizar\u00e1 sus esfuerzos e interferir\u00e1 con la comunicaci\u00f3n. Brindamos alquiler de [&hellip;]<\/p>\n","protected":false},"author":3,"featured_media":661,"parent":0,"menu_order":0,"comment_status":"open","ping_status":"open","template":"","meta":{"footnotes":"","_links_to":"","_links_to_target":""},"class_list":{"0":"post-694","1":"page","2":"type-page","3":"status-publish","4":"has-post-thumbnail","6":"entry"},"_links":{"self":[{"href":"https:\/\/puertoricotranslation.com\/es\/wp-json\/wp\/v2\/pages\/694","targetHints":{"allow":["GET"]}}],"collection":[{"href":"https:\/\/puertoricotranslation.com\/es\/wp-json\/wp\/v2\/pages"}],"about":[{"href":"https:\/\/puertoricotranslation.com\/es\/wp-json\/wp\/v2\/types\/page"}],"author":[{"embeddable":true,"href":"https:\/\/puertoricotranslation.com\/es\/wp-json\/wp\/v2\/users\/3"}],"replies":[{"embeddable":true,"href":"https:\/\/puertoricotranslation.com\/es\/wp-json\/wp\/v2\/comments?post=694"}],"version-history":[{"count":8,"href":"https:\/\/puertoricotranslation.com\/es\/wp-json\/wp\/v2\/pages\/694\/revisions"}],"predecessor-version":[{"id":778,"href":"https:\/\/puertoricotranslation.com\/es\/wp-json\/wp\/v2\/pages\/694\/revisions\/778"}],"wp:featuredmedia":[{"embeddable":true,"href":"https:\/\/puertoricotranslation.com\/es\/wp-json\/wp\/v2\/media\/661"}],"wp:attachment":[{"href":"https:\/\/puertoricotranslation.com\/es\/wp-json\/wp\/v2\/media?parent=694"}],"curies":[{"name":"wp","href":"https:\/\/api.w.org\/{rel}","templated":true}]}}