{"id":699,"date":"2016-06-18T14:01:42","date_gmt":"2016-06-18T14:01:42","guid":{"rendered":"http:\/\/puertoricotranslation.com\/?page_id=699&#038;lang=es"},"modified":"2016-07-08T00:27:05","modified_gmt":"2016-07-08T00:27:05","slug":"sobre-nosotros","status":"publish","type":"page","link":"http:\/\/puertoricotranslation.com\/es\/sobre-nosotros\/","title":{"rendered":"SOBRE NOSOTROS"},"content":{"rendered":"<p style=\"text-align: justify;\">En Puerto Rico Translation Services nuestra meta es proveerle a los clientes un servicio de interpretaci\u00f3n y traducci\u00f3n profesional que garantice una comunicaci\u00f3n eficaz con sus consumidores y otros profesionales a trav\u00e9s del mundo. Sirvi\u00e9ndole a San Juan, Puerto Rico y \u00e1reas lim\u00edtrofes, ofrecemos una amplia variedad de servicios de traducci\u00f3n e interpretaci\u00f3n para ayudar a cerrar la brecha de comunicaci\u00f3n, para que pueda ampliar su alcance m\u00e1s lejos que nunca.<\/p>\n<p style=\"text-align: justify;\">Su compa\u00f1\u00eda u organizaci\u00f3n ya no va a ser limitada por barreras ling\u00fc\u00edsticas. Podemos ayudarle con todo tipo de proyecto, independientemente cuan peque\u00f1o o grande sea. \u00bfSe est\u00e1 preparando para una conferencia internacional? Nuestros profesionales est\u00e1n capacitados en una amplia variedad de idiomas y est\u00e1n disponibles para ayudarle con cualquier necesidad de traducci\u00f3n e interpretaci\u00f3n. \u00bfEs usted responsable de hacer una presentaci\u00f3n o sus planes incluyen formar parte de una reuni\u00f3n de negocios en donde van a estar presente clientes extranjeros? Permita que nuestro equipo de profesionales le ayude al interpretar con precisi\u00f3n todas sus comunicaciones.<\/p>\n<p style=\"text-align: justify;\">Nos especializamos en los siguientes servicios de interpretaci\u00f3n:<\/p>\n<ul>\n<li>Simult\u00e1nea<\/li>\n<li>Consecutiva<\/li>\n<li>Legal<\/li>\n<li>Conferencia<\/li>\n<li>M\u00e9dica<\/li>\n<li>Espa\u00f1ol<\/li>\n<li>Ingl\u00e9s<\/li>\n<\/ul>\n<p style=\"text-align: justify;\">Cuando necesite contratar a un especialista en traducci\u00f3n de documentos, ll\u00e1menos. Nuestros profesionales le proporcionar\u00e1n traducciones precisas y de calidad en las que puede confiar. Tambi\u00e9n tenemos acceso a los recursos y la tecnolog\u00eda necesaria para llevar a cabo sus proyectos de manera r\u00e1pida y efectiva, incluso cuando surge algo inesperado y necesita un traductor o int\u00e9rprete de prisa.<\/p>\n<p style=\"text-align: justify;\">\u00bfNecesita equipo de interpretaci\u00f3n? \u00a1No hay problema! Alquilamos toda clase de equipo, incluyendo cabinas insonorizadas, micr\u00f3fonos y auriculares. Solo utilizamos equipos de alta calidad que puede estar seguro van a funcionar perfectamente. De esta manera usted nunca se tiene que preocupar por interferencia que pueda obstaculizar el desempe\u00f1o.<\/p>\n<p style=\"text-align: justify;\">Aqu\u00ed en Puerto Rico Translation Services, nuestros int\u00e9rpretes y traductores profesionales tienen el conocimiento y la experiencia necesaria para brindarle el mejor servicio disponible. Estamos listos y capacitados para manejar cualquier proyecto y usted de seguro recibir\u00e1 un servicio competente y amigable. Cuando escoge a los profesionales de Puerto Rico Translation Services para sus proyectos, usted recibir\u00e1 soluciones comprensivas para todas sus necesidades de traducci\u00f3n e interpretaci\u00f3n a precios razonables.<\/p>\n","protected":false},"excerpt":{"rendered":"<p>En Puerto Rico Translation Services nuestra meta es proveerle a los clientes un servicio de interpretaci\u00f3n y traducci\u00f3n profesional que garantice una comunicaci\u00f3n eficaz con sus consumidores y otros profesionales a trav\u00e9s del mundo. Sirvi\u00e9ndole a San Juan, Puerto Rico y \u00e1reas lim\u00edtrofes, ofrecemos una amplia variedad de servicios de traducci\u00f3n e interpretaci\u00f3n para ayudar [&hellip;]<\/p>\n","protected":false},"author":3,"featured_media":0,"parent":0,"menu_order":0,"comment_status":"open","ping_status":"open","template":"","meta":{"footnotes":"","_links_to":"","_links_to_target":""},"class_list":{"0":"post-699","1":"page","2":"type-page","3":"status-publish","5":"entry"},"_links":{"self":[{"href":"http:\/\/puertoricotranslation.com\/es\/wp-json\/wp\/v2\/pages\/699","targetHints":{"allow":["GET"]}}],"collection":[{"href":"http:\/\/puertoricotranslation.com\/es\/wp-json\/wp\/v2\/pages"}],"about":[{"href":"http:\/\/puertoricotranslation.com\/es\/wp-json\/wp\/v2\/types\/page"}],"author":[{"embeddable":true,"href":"http:\/\/puertoricotranslation.com\/es\/wp-json\/wp\/v2\/users\/3"}],"replies":[{"embeddable":true,"href":"http:\/\/puertoricotranslation.com\/es\/wp-json\/wp\/v2\/comments?post=699"}],"version-history":[{"count":2,"href":"http:\/\/puertoricotranslation.com\/es\/wp-json\/wp\/v2\/pages\/699\/revisions"}],"predecessor-version":[{"id":725,"href":"http:\/\/puertoricotranslation.com\/es\/wp-json\/wp\/v2\/pages\/699\/revisions\/725"}],"wp:attachment":[{"href":"http:\/\/puertoricotranslation.com\/es\/wp-json\/wp\/v2\/media?parent=699"}],"curies":[{"name":"wp","href":"https:\/\/api.w.org\/{rel}","templated":true}]}}